{"id":89,"date":"2021-12-07T09:37:58","date_gmt":"2021-12-07T08:37:58","guid":{"rendered":"https:\/\/wge.com.pl\/?page_id=89"},"modified":"2021-12-08T10:40:33","modified_gmt":"2021-12-08T09:40:33","slug":"o-gieldzie","status":"publish","type":"page","link":"https:\/\/wge.com.pl\/index.php\/o-gieldzie\/","title":{"rendered":"O gie\u0142dzie"},"content":{"rendered":"\n<p>Na terenie WGE znajduje si\u0119\u00a0<strong>ponad 30\u00a0sklep\u00f3w komputerowych<\/strong>\u00a0zajmuj\u0105cych si\u0119\u00a0sprzeda\u017c\u0105 sprz\u0119tu komputerowego. Maj\u0105 one w swojej ofercie produkty wi\u0119kszo\u015bci firm produkuj\u0105cych\u00a0sprz\u0119t komputerowy. Dzi\u0119ki bogatej ofercie podzespo\u0142\u00f3w komputerowych i akcesori\u00f3w komputerowych firmy znajduj\u0105ce si\u0119 na terenie WGE sprzedaj\u0105 sw\u00f3j towar po mo\u017cliwie najni\u017cszych cenach. Na gie\u0142dzie mo\u017cna kupi\u0107 zar\u00f3wno gotowe komputery znanych producent\u00f3w komputer\u00f3w jak r\u00f3wnie\u017c komputery sk\u0142adane na zam\u00f3wienie z cz\u0119\u015bci komputerowych wybranych przez klienta. Znajduje si\u0119 tu wiele sklep\u00f3w wyspecjalizowanych w sprzeda\u017cy notebook\u00f3w.\u00a0Sklepy komputerowe\u00a0oferuj\u0105 r\u00f3wnie\u017c sprz\u0119t sieciowy, materia\u0142y eksploatacyjne do drukarek oraz\u00a0us\u0142ugi informatyczne. Gie\u0142da to r\u00f3wnie\u017c\u00a0<strong>centrum elektroniki<\/strong>. Znajduje si\u0119 na niej kilkana\u015bcie sklep\u00f3w elektronicznych oferuj\u0105cych bogaty wyb\u00f3r cz\u0119\u015bci, podzespo\u0142\u00f3w i urz\u0105dze\u0144 elektronicznych.<\/p>\n\n\n\n<figure class=\"wp-block-image size-full\"><a href=\"https:\/\/wmkig.pl\/\" target=\"_blank\" rel=\"noopener\"><img fetchpriority=\"high\" decoding=\"async\" width=\"639\" height=\"169\" src=\"https:\/\/wge.com.pl\/wp-content\/uploads\/2021\/12\/muzeum.jpg\" alt=\"\" class=\"wp-image-231\" srcset=\"https:\/\/wge.com.pl\/wp-content\/uploads\/2021\/12\/muzeum.jpg 639w, https:\/\/wge.com.pl\/wp-content\/uploads\/2021\/12\/muzeum-300x79.jpg 300w\" sizes=\"(max-width: 639px) 100vw, 639px\" \/><\/a><\/figure>\n\n\n\n<p>Na terenie WGE znajduj\u0105 si\u0119&nbsp;<strong>autoryzowane serwisy naprawy laptop\u00f3w<\/strong>&nbsp;wszystkich typ\u00f3w i marek oraz komputer\u00f3w stacjonarnych PC. W zakres us\u0142ug serwisu wchodz\u0105 m. in.:<\/p>\n\n\n\n<p>\u2013 naprawy p\u0142yt g\u0142\u00f3wnych i kart graficznych,<br>\u2013 naprawy dysk\u00f3w i wymiana podzespo\u0142\u00f3w,<br>\u2013 wymiana matryc i zawias\u00f3w,<br>\u2013 naprawa uk\u0142adu zasilania, wymiana gniazda zasilania,<br>\u2013 wymiana wiatraczk\u00f3w<br>\u2013 przywracanie systemu operacyjnego po awarii<\/p>\n\n\n\n<p>Serwisy komputerowe znajduj\u0105ce si\u0119 na terenie WGE przy u\u017cyciu nowoczesnego sprz\u0119tu s\u0105 w stanie naprawi\u0107 laptopy wszystkich czo\u0142owych producent\u00f3w takich jak: DELL, ASUS, Samsung, MSI, Lenovo, Toshiba, IBM, Apple, ACER, SONY oraz inne. &nbsp;Na wszystkie wykonywane naprawy serwisy komputerowe udzielaj\u0105 gwarancji.<\/p>\n\n\n\n<p>Serwisy komputerowe dzia\u0142aj\u0105ce na terenie WGE zapewniaj\u0105 najwy\u017cszej jako\u015bci us\u0142ugi przy zminimalizowanym czasie oczekiwania na napraw\u0119. Nasze punkty ciesz\u0105 si\u0119 du\u017cym gronem sta\u0142ych Klient\u00f3w, kt\u00f3rzy bez wahania powierzaj\u0105 sw\u00f3j sprz\u0119t dobrze wykwalifikowanej kadrze elektronik\u00f3w.<\/p>\n","protected":false},"excerpt":{"rendered":"<p>Na terenie WGE znajduje si\u0119\u00a0ponad 30\u00a0sklep\u00f3w komputerowych\u00a0zajmuj\u0105cych si\u0119\u00a0sprzeda\u017c\u0105 sprz\u0119tu komputerowego. Maj\u0105 one w swojej ofercie produkty wi\u0119kszo\u015bci firm produkuj\u0105cych\u00a0sprz\u0119t komputerowy. Dzi\u0119ki bogatej ofercie podzespo\u0142\u00f3w komputerowych i akcesori\u00f3w komputerowych firmy znajduj\u0105ce si\u0119 na terenie WGE sprzedaj\u0105 sw\u00f3j towar po mo\u017cliwie najni\u017cszych cenach. Na gie\u0142dzie mo\u017cna kupi\u0107 zar\u00f3wno gotowe komputery znanych producent\u00f3w komputer\u00f3w jak r\u00f3wnie\u017c komputery sk\u0142adane [&hellip;]<\/p>\n","protected":false},"author":1,"featured_media":0,"parent":0,"menu_order":3,"comment_status":"closed","ping_status":"closed","template":"page-full-width.php","meta":{"footnotes":""},"class_list":["post-89","page","type-page","status-publish","hentry"],"_links":{"self":[{"href":"https:\/\/wge.com.pl\/index.php\/wp-json\/wp\/v2\/pages\/89","targetHints":{"allow":["GET"]}}],"collection":[{"href":"https:\/\/wge.com.pl\/index.php\/wp-json\/wp\/v2\/pages"}],"about":[{"href":"https:\/\/wge.com.pl\/index.php\/wp-json\/wp\/v2\/types\/page"}],"author":[{"embeddable":true,"href":"https:\/\/wge.com.pl\/index.php\/wp-json\/wp\/v2\/users\/1"}],"replies":[{"embeddable":true,"href":"https:\/\/wge.com.pl\/index.php\/wp-json\/wp\/v2\/comments?post=89"}],"version-history":[{"count":4,"href":"https:\/\/wge.com.pl\/index.php\/wp-json\/wp\/v2\/pages\/89\/revisions"}],"predecessor-version":[{"id":233,"href":"https:\/\/wge.com.pl\/index.php\/wp-json\/wp\/v2\/pages\/89\/revisions\/233"}],"wp:attachment":[{"href":"https:\/\/wge.com.pl\/index.php\/wp-json\/wp\/v2\/media?parent=89"}],"curies":[{"name":"wp","href":"https:\/\/api.w.org\/{rel}","templated":true}]}}